{"id":7936,"date":"2020-12-01T15:49:04","date_gmt":"2021-05-22T23:10:27","guid":{"rendered":"https:\/\/teambrideshop.com\/?post_type=product&#038;p=7936"},"modified":"2022-06-12T10:30:58","modified_gmt":"2022-06-12T07:30:58","slug":"moet-et-chandon","status":"publish","type":"product","link":"https:\/\/teambrideshop.com\/en\/product\/moet-et-chandon\/","title":{"rendered":"Mo\u00ebt et Chandon"},"content":{"rendered":"<p class=\"top0 bottom0 padding-left-right-restore-sm\" style=\"text-align: left;\">Ros\u00e9 Imp\u00e9rial mini bottle (187ml)<\/p>\n<p style=\"text-align: left;\"><span class=\"contenttextmedium\">Ros\u00e9 Imp\u00e9rial is a spontaneous, radiant, romantic expression of the Mo\u00ebt &amp; Chandon style, a style distinguished by its bright fruitiness, its seductive palate and its elegant maturity.<\/span><\/p>\n<p style=\"text-align: left;\"><strong>TASTING NOTES<\/strong><\/p>\n<p style=\"text-align: left;\">On the eye: A glowing color. Pink with amber highlights<\/p>\n<p style=\"text-align: left;\">On the nose: A lively, intense bouquet of red fruits (wild strawberry, raspberry, cherry). Floral nuances of rose. A slight hint of pepper<\/p>\n<p style=\"text-align: left;\">On the palate: The juicy, persistent intensity of berries (strawberry, raspberry, redcurrant). The fleshiness and firmness of peach. The freshness of a subtle note of menthol<\/p>\n<p style=\"text-align: left;\"><strong>TECHNICAL INFORMATION<\/strong><\/p>\n<p style=\"text-align: left;\"><strong>Varietals<\/strong>: 40-50% Pinot Noir, 30-40% Pinot Meunier, 10-20% Chardonnay<\/p>\n","protected":false},"excerpt":{"rendered":"<p>Ros\u00e9 Imp\u00e9rial mini bottle (187ml) Ros\u00e9 Imp\u00e9rial is a spontaneous, radiant, romantic expression of the Mo\u00ebt &amp; Chandon style, a<\/p>\n","protected":false},"featured_media":7937,"template":"","meta":{"_acf_changed":false},"product_brand":[],"product_cat":[131],"product_tag":[],"class_list":{"0":"post-7936","1":"product","2":"type-product","3":"status-publish","4":"has-post-thumbnail","6":"product_cat-accessories","8":"first","9":"instock","10":"sale","11":"shipping-taxable","12":"purchasable","13":"product-type-simple"},"acf":[],"_links":{"self":[{"href":"https:\/\/teambrideshop.com\/en\/wp-json\/wp\/v2\/product\/7936","targetHints":{"allow":["GET"]}}],"collection":[{"href":"https:\/\/teambrideshop.com\/en\/wp-json\/wp\/v2\/product"}],"about":[{"href":"https:\/\/teambrideshop.com\/en\/wp-json\/wp\/v2\/types\/product"}],"version-history":[{"count":0,"href":"https:\/\/teambrideshop.com\/en\/wp-json\/wp\/v2\/product\/7936\/revisions"}],"wp:featuredmedia":[{"embeddable":true,"href":"https:\/\/teambrideshop.com\/en\/wp-json\/wp\/v2\/media\/7937"}],"wp:attachment":[{"href":"https:\/\/teambrideshop.com\/en\/wp-json\/wp\/v2\/media?parent=7936"}],"wp:term":[{"taxonomy":"product_brand","embeddable":true,"href":"https:\/\/teambrideshop.com\/en\/wp-json\/wp\/v2\/product_brand?post=7936"},{"taxonomy":"product_cat","embeddable":true,"href":"https:\/\/teambrideshop.com\/en\/wp-json\/wp\/v2\/product_cat?post=7936"},{"taxonomy":"product_tag","embeddable":true,"href":"https:\/\/teambrideshop.com\/en\/wp-json\/wp\/v2\/product_tag?post=7936"}],"curies":[{"name":"wp","href":"https:\/\/api.w.org\/{rel}","templated":true}]}}